{"id":19,"date":"2021-05-23T00:07:19","date_gmt":"2021-05-23T00:07:19","guid":{"rendered":"https:\/\/bh-operations.com\/?page_id=19"},"modified":"2024-01-17T08:02:45","modified_gmt":"2024-01-17T08:02:45","slug":"mission-faq","status":"publish","type":"page","link":"https:\/\/bh-operations.com\/de\/mission-faq","title":{"rendered":"BH MISSION FAQ"},"content":{"rendered":"<p>[vc_row][vc_column width=&#8220;1\/4&#8243;][vc_single_image image=&#8220;357&#8243; img_size=&#8220;medium&#8220; alignment=&#8220;center&#8220; onclick=&#8220;custom_link&#8220; link=&#8220;https:\/\/bh-operations.com\/&#8220;][\/vc_column][vc_column width=&#8220;1\/4&#8243;][\/vc_column][vc_column width=&#8220;1\/4&#8243;][\/vc_column][vc_column width=&#8220;1\/4&#8243;][vc_raw_html]JTVCbWF4bWVnYW1lbnUlMjBsb2NhdGlvbiUzRG1heF9tZWdhX21lbnVfMSU1RA==[\/vc_raw_html][\/vc_column][\/vc_row][vc_row][vc_column][vc_custom_heading text=&#8220;MISSION FAQ&#8220; font_container=&#8220;tag:h1|font_size:45|text_align:center|color:%23000000&#8243; google_fonts=&#8220;font_family:ABeeZee%3Aregular%2Citalic|font_style:400%20regular%3A400%3Anormal&#8220;][\/vc_column][\/vc_row][vc_row][vc_column width=&#8220;1\/6&#8243;][\/vc_column][vc_column width=&#8220;2\/3&#8243;][vc_raw_html]JTVCZmFxJTIwcCUzRDE5OSU1RCUwQSU1QmZhcSUyMHAlM0QyMDElNUQlMEElNUJmYXElMjBwJTNEMjAzJTVEJTBBJTVCZmFxJTIwcCUzRDIwNSU1RCUwQSU1QmZhcSUyMHAlM0QyMDclNUQlMEElNUJmYXElMjBwJTNEMjA5JTVEJTBBJTVCZmFxJTIwcCUzRDIxMSU1RCUwQSU1QmZhcSUyMHAlM0QyMTMlNUQlMEElNUJmYXElMjBwJTNEMjE1JTVEJTBBJTVCZmFxJTIwcCUzRDIxOCU1RCUwQSU1QmZhcSUyMHAlM0QyMjAlNUQlMEElNUJmYXElMjBwJTNEMjIyJTVEJTBBJTVCZmFxJTIwcCUzRDIyNCU1RCUwQSU1QmZhcSUyMHAlM0QyMjclNUQ=[\/vc_raw_html][\/vc_column][vc_column width=&#8220;1\/6&#8243;][\/vc_column][\/vc_row][vc_row][vc_column width=&#8220;1\/4&#8243;][\/vc_column][vc_column width=&#8220;1\/2&#8243;][vc_column_text]<\/p>\n<p style=\"text-align: center;\"><span style=\"color: #ff0000; font-size: 14pt;\">Rechtlicher Hinweis<\/span><\/p>\n<p style=\"text-align: center;\"><span style=\"font-size: 14pt;\"><br \/>\nUnsere Agentur ist weder verantwortlich f\u00fcr noch informiert \u00fcber die Aktivit\u00e4ten, die der Initiator des Projekts mit Hilfe des Materials, das wir besorgt haben, oder den technischen Hilfsmitteln, die wir entwickelt haben, unternimmt. Jeder Anspruch auf Verantwortung wird gem\u00e4\u00df Bundesgesetz 22-80976-AK zur\u00fcckgewiesen<br \/>\n<\/span><\/p>\n<p>[\/vc_column_text][\/vc_column][vc_column width=&#8220;1\/4&#8243;][\/vc_column][\/vc_row][vc_row][vc_column][vc_separator][\/vc_column][\/vc_row][vc_row][vc_column][vc_column_text]<\/p>\n<p style=\"text-align: center;\"><span style=\"font-size: 8pt;\">\u00a9 BH Operations 1995-2021\u00a0 www.bh-operations.com<\/span><\/p>\n<p>[\/vc_column_text][\/vc_column][\/vc_row]<\/p>\n","protected":false},"excerpt":{"rendered":"<p>[vc_row][vc_column width=&#8220;1\/4&#8243;][vc_single_image image=&#8220;357&#8243; img_size=&#8220;medium&#8220; alignment=&#8220;center&#8220; onclick=&#8220;custom_link&#8220; link=&#8220;https:\/\/bh-operations.com\/&#8220;][\/vc_column][vc_column width=&#8220;1\/4&#8243;][\/vc_column][vc_column width=&#8220;1\/4&#8243;][\/vc_column][vc_column width=&#8220;1\/4&#8243;][vc_raw_html]JTVCbWF4bWVnYW1lbnUlMjBsb2NhdGlvbiUzRG1heF9tZWdhX21lbnVfMSU1RA==[\/vc_raw_html][\/vc_column][\/vc_row][vc_row][vc_column][vc_custom_heading text=&#8220;MISSION FAQ&#8220; font_container=&#8220;tag:h1|font_size:45|text_align:center|color:%23000000&#8243; google_fonts=&#8220;font_family:ABeeZee%3Aregular%2Citalic|font_style:400%20regular%3A400%3Anormal&#8220;][\/vc_column][\/vc_row][vc_row][vc_column width=&#8220;1\/6&#8243;][\/vc_column][vc_column width=&#8220;2\/3&#8243;][vc_raw_html]JTVCZmFxJTIwcCUzRDE5OSU1RCUwQSU1QmZhcSUyMHAlM0QyMDElNUQlMEElNUJmYXElMjBwJTNEMjAzJTVEJTBBJTVCZmFxJTIwcCUzRDIwNSU1RCUwQSU1QmZhcSUyMHAlM0QyMDclNUQlMEElNUJmYXElMjBwJTNEMjA5JTVEJTBBJTVCZmFxJTIwcCUzRDIxMSU1RCUwQSU1QmZhcSUyMHAlM0QyMTMlNUQlMEElNUJmYXElMjBwJTNEMjE1JTVEJTBBJTVCZmFxJTIwcCUzRDIxOCU1RCUwQSU1QmZhcSUyMHAlM0QyMjAlNUQlMEElNUJmYXElMjBwJTNEMjIyJTVEJTBBJTVCZmFxJTIwcCUzRDIyNCU1RCUwQSU1QmZhcSUyMHAlM0QyMjclNUQ=[\/vc_raw_html][\/vc_column][vc_column width=&#8220;1\/6&#8243;][\/vc_column][\/vc_row][vc_row][vc_column width=&#8220;1\/4&#8243;][\/vc_column][vc_column width=&#8220;1\/2&#8243;][vc_column_text] Rechtlicher Hinweis Unsere Agentur ist weder verantwortlich f\u00fcr noch informiert \u00fcber die Aktivit\u00e4ten, die der Initiator des Projekts mit Hilfe des Materials, das wir besorgt haben, oder den technischen Hilfsmitteln, die wir entwickelt haben, unternimmt. Jeder [&hellip;]<\/p>\n","protected":false},"author":1,"featured_media":0,"parent":0,"menu_order":0,"comment_status":"closed","ping_status":"closed","template":"template-page-builder-no-header-footer.php","meta":{"footnotes":""},"class_list":["post-19","page","type-page","status-publish","hentry"],"_links":{"self":[{"href":"https:\/\/bh-operations.com\/de\/wp-json\/wp\/v2\/pages\/19","targetHints":{"allow":["GET"]}}],"collection":[{"href":"https:\/\/bh-operations.com\/de\/wp-json\/wp\/v2\/pages"}],"about":[{"href":"https:\/\/bh-operations.com\/de\/wp-json\/wp\/v2\/types\/page"}],"author":[{"embeddable":true,"href":"https:\/\/bh-operations.com\/de\/wp-json\/wp\/v2\/users\/1"}],"replies":[{"embeddable":true,"href":"https:\/\/bh-operations.com\/de\/wp-json\/wp\/v2\/comments?post=19"}],"version-history":[{"count":34,"href":"https:\/\/bh-operations.com\/de\/wp-json\/wp\/v2\/pages\/19\/revisions"}],"predecessor-version":[{"id":724,"href":"https:\/\/bh-operations.com\/de\/wp-json\/wp\/v2\/pages\/19\/revisions\/724"}],"wp:attachment":[{"href":"https:\/\/bh-operations.com\/de\/wp-json\/wp\/v2\/media?parent=19"}],"curies":[{"name":"wp","href":"https:\/\/api.w.org\/{rel}","templated":true}]}}