{"id":56,"date":"2021-05-23T12:28:35","date_gmt":"2021-05-23T12:28:35","guid":{"rendered":"https:\/\/bh-operations.com\/?page_id=56"},"modified":"2024-01-17T08:13:01","modified_gmt":"2024-01-17T08:13:01","slug":"main","status":"publish","type":"page","link":"https:\/\/bh-operations.com\/de\/","title":{"rendered":"Main"},"content":{"rendered":"<p>[vc_row full_width=&#8220;stretch_row_content_no_spaces&#8220;][vc_column width=&#8220;1\/4&#8243;][vc_single_image image=&#8220;357&#8243; img_size=&#8220;medium&#8220; alignment=&#8220;center&#8220;][\/vc_column][vc_column width=&#8220;1\/4&#8243;][\/vc_column][vc_column width=&#8220;1\/4&#8243;][\/vc_column][vc_column width=&#8220;1\/4&#8243;][vc_raw_html]JTVCbWF4bWVnYW1lbnUlMjBsb2NhdGlvbiUzRG1heF9tZWdhX21lbnVfMSU1RA==[\/vc_raw_html][\/vc_column][\/vc_row][vc_row full_width=&#8220;stretch_row_content_no_spaces&#8220; full_height=&#8220;yes&#8220; columns_placement=&#8220;top&#8220; css=&#8220;.vc_custom_1621777110588{background-image: url(https:\/\/bh-operations.com\/wp-content\/uploads\/2021\/05\/operations-main2.jpg?id=92) !important;background-position: center !important;background-repeat: no-repeat !important;background-size: cover !important;}&#8220;][vc_column][vc_row_inner content_placement=&#8220;top&#8220;][vc_column_inner width=&#8220;1\/3&#8243;][\/vc_column_inner][vc_column_inner width=&#8220;1\/3&#8243; css=&#8220;.vc_custom_1621776431128{margin-bottom: 200px !important;}&#8220;][vc_custom_heading text=&#8220;Wir gehen dorthin, wohin andere nicht kommen, und erledigen, was andere nicht k\u00f6nnen.&#8220; font_container=&#8220;tag:h2|font_size:30|text_align:center|color:%23ffffff&#8220; google_fonts=&#8220;font_family:ABeeZee%3Aregular%2Citalic|font_style:400%20regular%3A400%3Anormal&#8220;][vc_empty_space height=&#8220;22px&#8220;][vc_btn title=&#8220;KONTAKTIEREN SIE UNS&#8220; color=&#8220;black&#8220; align=&#8220;center&#8220; link=&#8220;url:%23contact&#8220;][\/vc_column_inner][vc_column_inner width=&#8220;1\/3&#8243;][\/vc_column_inner][\/vc_row_inner][\/vc_column][\/vc_row][vc_row full_width=&#8220;stretch_row_content_no_spaces&#8220;][vc_column width=&#8220;1\/4&#8243;][\/vc_column][vc_column width=&#8220;1\/2&#8243;][vc_column_text]<\/p>\n<p style=\"text-align: center;\"><span style=\"color: #ff0000; font-size: 14pt;\">Rechtlicher Hinweis<\/span><\/p>\n<p style=\"text-align: center;\"><span style=\"font-size: 14pt;\"><br \/>\nUnsere Agentur ist weder verantwortlich f\u00fcr noch informiert \u00fcber die Aktivit\u00e4ten, die der Initiator des Projekts mit Hilfe des Materials, das wir besorgt haben, oder den technischen Hilfsmitteln, die wir entwickelt haben, unternimmt. Jeder Anspruch auf Verantwortung wird gem\u00e4\u00df Bundesgesetz 22-80976-AK zur\u00fcckgewiesen.<br \/>\n<\/span><\/p>\n<p>[\/vc_column_text][\/vc_column][vc_column width=&#8220;1\/4&#8243;][\/vc_column][\/vc_row][vc_row full_width=&#8220;stretch_row_content_no_spaces&#8220; el_id=&#8220;contact&#8220;][vc_column width=&#8220;1\/3&#8243;][\/vc_column][vc_column width=&#8220;1\/3&#8243;][vc_custom_heading text=&#8220;Kontaktieren Sie uns&#8220; font_container=&#8220;tag:h2|font_size:32|text_align:center&#8220;][vc_raw_html]JTVCY29udGFjdC1mb3JtLTclMjBpZCUzRCUyMjE2NSUyMiUyMHRpdGxlJTNEJTIyJTNBZW5Db250YWN0JTIwZm9ybSUyMDElM0FkZUNvbnRhY3QlMjBmb3JtJTIwMSUzQSUyMiU1RA==[\/vc_raw_html][\/vc_column][vc_column width=&#8220;1\/3&#8243;][\/vc_column][\/vc_row][vc_row full_width=&#8220;stretch_row_content_no_spaces&#8220;][vc_column][vc_column_text]<\/p>\n<p style=\"text-align: center;\"><span style=\"font-size: 8pt;\">\u00a9 BH Operations 1995-2021\u00a0 www.bh-operations.com<\/span><\/p>\n<p>[\/vc_column_text][\/vc_column][\/vc_row]<\/p>\n","protected":false},"excerpt":{"rendered":"<p>[vc_row full_width=&#8220;stretch_row_content_no_spaces&#8220;][vc_column width=&#8220;1\/4&#8243;][vc_single_image image=&#8220;357&#8243; img_size=&#8220;medium&#8220; alignment=&#8220;center&#8220;][\/vc_column][vc_column width=&#8220;1\/4&#8243;][\/vc_column][vc_column width=&#8220;1\/4&#8243;][\/vc_column][vc_column width=&#8220;1\/4&#8243;][vc_raw_html]JTVCbWF4bWVnYW1lbnUlMjBsb2NhdGlvbiUzRG1heF9tZWdhX21lbnVfMSU1RA==[\/vc_raw_html][\/vc_column][\/vc_row][vc_row full_width=&#8220;stretch_row_content_no_spaces&#8220; full_height=&#8220;yes&#8220; columns_placement=&#8220;top&#8220; css=&#8220;.vc_custom_1621777110588{background-image: url(https:\/\/bh-operations.com\/wp-content\/uploads\/2021\/05\/operations-main2.jpg?id=92) !important;background-position: center !important;background-repeat: no-repeat !important;background-size: cover !important;}&#8220;][vc_column][vc_row_inner content_placement=&#8220;top&#8220;][vc_column_inner width=&#8220;1\/3&#8243;][\/vc_column_inner][vc_column_inner width=&#8220;1\/3&#8243; css=&#8220;.vc_custom_1621776431128{margin-bottom: 200px !important;}&#8220;][vc_custom_heading text=&#8220;Wir gehen dorthin, wohin andere nicht kommen, und erledigen, was andere nicht k\u00f6nnen.&#8220; font_container=&#8220;tag:h2|font_size:30|text_align:center|color:%23ffffff&#8220; google_fonts=&#8220;font_family:ABeeZee%3Aregular%2Citalic|font_style:400%20regular%3A400%3Anormal&#8220;][vc_empty_space height=&#8220;22px&#8220;][vc_btn title=&#8220;KONTAKTIEREN SIE UNS&#8220; color=&#8220;black&#8220; align=&#8220;center&#8220; link=&#8220;url:%23contact&#8220;][\/vc_column_inner][vc_column_inner width=&#8220;1\/3&#8243;][\/vc_column_inner][\/vc_row_inner][\/vc_column][\/vc_row][vc_row full_width=&#8220;stretch_row_content_no_spaces&#8220;][vc_column width=&#8220;1\/4&#8243;][\/vc_column][vc_column width=&#8220;1\/2&#8243;][vc_column_text] Rechtlicher Hinweis [&hellip;]<\/p>\n","protected":false},"author":1,"featured_media":0,"parent":0,"menu_order":0,"comment_status":"closed","ping_status":"closed","template":"template-page-builder-no-header-footer.php","meta":{"footnotes":""},"class_list":["post-56","page","type-page","status-publish","hentry"],"_links":{"self":[{"href":"https:\/\/bh-operations.com\/de\/wp-json\/wp\/v2\/pages\/56","targetHints":{"allow":["GET"]}}],"collection":[{"href":"https:\/\/bh-operations.com\/de\/wp-json\/wp\/v2\/pages"}],"about":[{"href":"https:\/\/bh-operations.com\/de\/wp-json\/wp\/v2\/types\/page"}],"author":[{"embeddable":true,"href":"https:\/\/bh-operations.com\/de\/wp-json\/wp\/v2\/users\/1"}],"replies":[{"embeddable":true,"href":"https:\/\/bh-operations.com\/de\/wp-json\/wp\/v2\/comments?post=56"}],"version-history":[{"count":70,"href":"https:\/\/bh-operations.com\/de\/wp-json\/wp\/v2\/pages\/56\/revisions"}],"predecessor-version":[{"id":174,"href":"https:\/\/bh-operations.com\/de\/wp-json\/wp\/v2\/pages\/56\/revisions\/174"}],"wp:attachment":[{"href":"https:\/\/bh-operations.com\/de\/wp-json\/wp\/v2\/media?parent=56"}],"curies":[{"name":"wp","href":"https:\/\/api.w.org\/{rel}","templated":true}]}}