{"id":19,"date":"2021-05-23T00:07:19","date_gmt":"2021-05-23T00:07:19","guid":{"rendered":"https:\/\/bh-operations.com\/?page_id=19"},"modified":"2024-01-17T08:02:45","modified_gmt":"2024-01-17T08:02:45","slug":"mission-faq","status":"publish","type":"page","link":"https:\/\/bh-operations.com\/fr\/mission-faq","title":{"rendered":"BH MISSION FAQ"},"content":{"rendered":"<p>[vc_row][vc_column width=\u00a0\u00bb1\/4&Prime;][vc_single_image image=\u00a0\u00bb501&Prime; img_size=\u00a0\u00bbmedium\u00a0\u00bb alignment=\u00a0\u00bbcenter\u00a0\u00bb onclick=\u00a0\u00bbcustom_link\u00a0\u00bb link=\u00a0\u00bbhttps:\/\/bh-operations.com\/\u00a0\u00bb][\/vc_column][vc_column width=\u00a0\u00bb1\/4&Prime;][\/vc_column][vc_column width=\u00a0\u00bb1\/4&Prime;][\/vc_column][vc_column width=\u00a0\u00bb1\/4&Prime;][vc_raw_html]JTVCbWF4bWVnYW1lbnUlMjBsb2NhdGlvbiUzRG1heF9tZWdhX21lbnVfMSU1RA==[\/vc_raw_html][\/vc_column][\/vc_row][vc_row][vc_column][vc_custom_heading text=\u00a0\u00bbMISSION FAQ\u00a0\u00bb font_container=\u00a0\u00bbtag:h1|font_size:45|text_align:center|color:%23000000&Prime; google_fonts=\u00a0\u00bbfont_family:ABeeZee%3Aregular%2Citalic|font_style:400%20regular%3A400%3Anormal\u00a0\u00bb][\/vc_column][\/vc_row][vc_row][vc_column width=\u00a0\u00bb1\/6&Prime;][\/vc_column][vc_column width=\u00a0\u00bb2\/3&Prime;][vc_raw_html]JTVCZmFxJTIwcCUzRDQ3MSU1RCUwQSU1QmZhcSUyMHAlM0Q0NzMlNUQlMEElNUJmYXElMjBwJTNENDc1JTVEJTBBJTVCZmFxJTIwcCUzRDQ3NyU1RCUwQSU1QmZhcSUyMHAlM0Q0NzklNUQlMEElNUJmYXElMjBwJTNENDgyJTVEJTBBJTVCZmFxJTIwcCUzRDQ4NCU1RCUwQSU1QmZhcSUyMHAlM0Q0ODYlNUQlMEElNUJmYXElMjBwJTNENDg4JTVEJTBBJTVCZmFxJTIwcCUzRDQ5MCU1RCUwQSU1QmZhcSUyMHAlM0Q0OTIlNUQlMEElNUJmYXElMjBwJTNENDk0JTVEJTBBJTVCZmFxJTIwcCUzRDQ5NiU1RCUwQSU1QmZhcSUyMHAlM0Q0OTglNUQ=[\/vc_raw_html][\/vc_column][vc_column width=\u00a0\u00bb1\/6&Prime;][\/vc_column][\/vc_row][vc_row][vc_column width=\u00a0\u00bb1\/4&Prime;][\/vc_column][vc_column width=\u00a0\u00bb1\/2&Prime;][vc_column_text]<\/p>\n<p style=\"text-align: center;\"><span style=\"color: #ff0000; font-size: 14pt;\">MENTION L\u00c9GALE<\/span><\/p>\n<p style=\"text-align: center;\"><span style=\"font-size: 14pt;\">Notre agence n\u2019est ni responsable ni inform\u00e9e des activit\u00e9s men\u00e9es par l\u2019initiateur du projet utilisant les technologies d\u00e9velopp\u00e9es par notre soci\u00e9t\u00e9 ou les ressources mises \u00e0 sa disposition. Toute tentative d\u2019action juridique en responsabilit\u00e9 serait irrecevable en vertu de la loi 22-80976-AK.<\/span><\/p>\n<p>[\/vc_column_text][\/vc_column][vc_column width=\u00a0\u00bb1\/4&Prime;][\/vc_column][\/vc_row][vc_row][vc_column][vc_separator][\/vc_column][\/vc_row][vc_row][vc_column][vc_column_text]<\/p>\n<p style=\"text-align: center;\"><span style=\"font-size: 8pt;\">\u00a9 BH Operations 1995-2021\u00a0 www.bh-operations.com<\/span><\/p>\n<p>[\/vc_column_text][\/vc_column][\/vc_row]<\/p>\n","protected":false},"excerpt":{"rendered":"<p>[vc_row][vc_column width=\u00a0\u00bb1\/4&Prime;][vc_single_image image=\u00a0\u00bb501&Prime; img_size=\u00a0\u00bbmedium\u00a0\u00bb alignment=\u00a0\u00bbcenter\u00a0\u00bb onclick=\u00a0\u00bbcustom_link\u00a0\u00bb link=\u00a0\u00bbhttps:\/\/bh-operations.com\/\u00a0\u00bb][\/vc_column][vc_column width=\u00a0\u00bb1\/4&Prime;][\/vc_column][vc_column width=\u00a0\u00bb1\/4&Prime;][\/vc_column][vc_column width=\u00a0\u00bb1\/4&Prime;][vc_raw_html]JTVCbWF4bWVnYW1lbnUlMjBsb2NhdGlvbiUzRG1heF9tZWdhX21lbnVfMSU1RA==[\/vc_raw_html][\/vc_column][\/vc_row][vc_row][vc_column][vc_custom_heading text=\u00a0\u00bbMISSION FAQ\u00a0\u00bb font_container=\u00a0\u00bbtag:h1|font_size:45|text_align:center|color:%23000000&Prime; google_fonts=\u00a0\u00bbfont_family:ABeeZee%3Aregular%2Citalic|font_style:400%20regular%3A400%3Anormal\u00a0\u00bb][\/vc_column][\/vc_row][vc_row][vc_column width=\u00a0\u00bb1\/6&Prime;][\/vc_column][vc_column width=\u00a0\u00bb2\/3&Prime;][vc_raw_html]JTVCZmFxJTIwcCUzRDQ3MSU1RCUwQSU1QmZhcSUyMHAlM0Q0NzMlNUQlMEElNUJmYXElMjBwJTNENDc1JTVEJTBBJTVCZmFxJTIwcCUzRDQ3NyU1RCUwQSU1QmZhcSUyMHAlM0Q0NzklNUQlMEElNUJmYXElMjBwJTNENDgyJTVEJTBBJTVCZmFxJTIwcCUzRDQ4NCU1RCUwQSU1QmZhcSUyMHAlM0Q0ODYlNUQlMEElNUJmYXElMjBwJTNENDg4JTVEJTBBJTVCZmFxJTIwcCUzRDQ5MCU1RCUwQSU1QmZhcSUyMHAlM0Q0OTIlNUQlMEElNUJmYXElMjBwJTNENDk0JTVEJTBBJTVCZmFxJTIwcCUzRDQ5NiU1RCUwQSU1QmZhcSUyMHAlM0Q0OTglNUQ=[\/vc_raw_html][\/vc_column][vc_column width=\u00a0\u00bb1\/6&Prime;][\/vc_column][\/vc_row][vc_row][vc_column width=\u00a0\u00bb1\/4&Prime;][\/vc_column][vc_column width=\u00a0\u00bb1\/2&Prime;][vc_column_text] MENTION L\u00c9GALE Notre agence n\u2019est ni responsable ni inform\u00e9e des activit\u00e9s men\u00e9es par l\u2019initiateur du projet utilisant les technologies d\u00e9velopp\u00e9es par notre soci\u00e9t\u00e9 ou les ressources mises \u00e0 sa disposition. Toute tentative d\u2019action juridique en responsabilit\u00e9 [&hellip;]<\/p>\n","protected":false},"author":1,"featured_media":0,"parent":0,"menu_order":0,"comment_status":"closed","ping_status":"closed","template":"template-page-builder-no-header-footer.php","meta":{"footnotes":""},"class_list":["post-19","page","type-page","status-publish","hentry"],"_links":{"self":[{"href":"https:\/\/bh-operations.com\/fr\/wp-json\/wp\/v2\/pages\/19","targetHints":{"allow":["GET"]}}],"collection":[{"href":"https:\/\/bh-operations.com\/fr\/wp-json\/wp\/v2\/pages"}],"about":[{"href":"https:\/\/bh-operations.com\/fr\/wp-json\/wp\/v2\/types\/page"}],"author":[{"embeddable":true,"href":"https:\/\/bh-operations.com\/fr\/wp-json\/wp\/v2\/users\/1"}],"replies":[{"embeddable":true,"href":"https:\/\/bh-operations.com\/fr\/wp-json\/wp\/v2\/comments?post=19"}],"version-history":[{"count":34,"href":"https:\/\/bh-operations.com\/fr\/wp-json\/wp\/v2\/pages\/19\/revisions"}],"predecessor-version":[{"id":724,"href":"https:\/\/bh-operations.com\/fr\/wp-json\/wp\/v2\/pages\/19\/revisions\/724"}],"wp:attachment":[{"href":"https:\/\/bh-operations.com\/fr\/wp-json\/wp\/v2\/media?parent=19"}],"curies":[{"name":"wp","href":"https:\/\/api.w.org\/{rel}","templated":true}]}}