{"id":430,"date":"2022-01-14T04:43:46","date_gmt":"2022-01-14T04:43:46","guid":{"rendered":"https:\/\/bh-operations.com\/de\/?page_id=430"},"modified":"2024-06-27T10:07:00","modified_gmt":"2024-06-27T10:07:00","slug":"mission-start","status":"publish","type":"page","link":"https:\/\/bh-operations.com\/fr\/mission-start","title":{"rendered":"MISSION START"},"content":{"rendered":"<p>[vc_row][vc_column width=\u00a0\u00bb1\/4&Prime;][vc_single_image image=\u00a0\u00bb501&Prime; img_size=\u00a0\u00bbmedium\u00a0\u00bb alignment=\u00a0\u00bbcenter\u00a0\u00bb onclick=\u00a0\u00bbcustom_link\u00a0\u00bb link=\u00a0\u00bbhttps:\/\/bh-operations.com\/\u00a0\u00bb][\/vc_column][vc_column width=\u00a0\u00bb1\/4&Prime;][\/vc_column][vc_column width=\u00a0\u00bb1\/4&Prime;][\/vc_column][vc_column width=\u00a0\u00bb1\/4&Prime;][vc_raw_html]JTVCbWF4bWVnYW1lbnUlMjBsb2NhdGlvbiUzRG1heF9tZWdhX21lbnVfMSU1RA==[\/vc_raw_html][\/vc_column][\/vc_row][vc_row][vc_column][vc_custom_heading text=\u00a0\u00bbSie sind dabei, Ihren Missionskoordinator zu kontaktieren und die Mission zu starten.\u00a0\u00bb font_container=\u00a0\u00bbtag:h1|font_size:22|text_align:center|color:%23000000&Prime; google_fonts=\u00a0\u00bbfont_family:ABeeZee%3Aregular%2Citalic|font_style:400%20regular%3A400%3Anormal\u00a0\u00bb][\/vc_column][\/vc_row][vc_row][vc_column][vc_custom_heading text=\u00a0\u00bbBitte stellen Sie sicher, dass Sie folgendes zur Hand haben:<\/p>\n<p>&#8211; Missionscode (wird mit dem Missionsetup-Dokument geliefert)<br \/>\n&#8211; Installierte Whatsapp-App oder Telegram-App f\u00fcr ALLE (\u2757) Teammitglieder (wenn 4 oder weniger) ODER f\u00fcr 4 (\u2757) Teammitglieder (wenn mehr als 4)<br \/>\n&#8211; Nur ein (\u2757) Teammitglied sollte die Mission starten\u00a0\u00bb font_container=\u00a0\u00bbtag:h1|font_size:22|text_align:center|color:%23000000&Prime; google_fonts=\u00a0\u00bbfont_family:ABeeZee%3Aregular%2Citalic|font_style:400%20regular%3A400%3Anormal\u00a0\u00bb][\/vc_column][\/vc_row][vc_row][vc_column][vc_separator][\/vc_column][\/vc_row][vc_row][vc_column width=\u00a0\u00bb1\/4&Prime;][\/vc_column][vc_column width=\u00a0\u00bb1\/2&Prime;][vc_column_text]<\/p>\n<p style=\"text-align: center;\"><span style=\"color: #ff0000; font-size: 14pt;\">Rechtlicher Hinweis<\/span><\/p>\n<p style=\"text-align: center;\"><span style=\"font-size: 14pt;\"><br \/>\nUnsere Agentur ist weder verantwortlich f\u00fcr noch informiert \u00fcber die Aktivit\u00e4ten, die der Initiator des Projekts mit Hilfe des Materials, das wir besorgt haben, oder den technischen Hilfsmitteln, die wir entwickelt haben, unternimmt. Jeder Anspruch auf Verantwortung wird gem\u00e4\u00df Bundesgesetz 22-80976-AK zur\u00fcckgewiesen<br \/>\n<\/span><\/p>\n<p>[\/vc_column_text][\/vc_column][vc_column width=\u00a0\u00bb1\/4&Prime;][\/vc_column][\/vc_row][vc_row][vc_column][vc_row_inner][vc_column_inner][vc_btn title=\u00a0\u00bbMISSION STARTEN &#8211; WHATSAPP\u00a0\u00bb color=\u00a0\u00bbsuccess\u00a0\u00bb align=\u00a0\u00bbcenter\u00a0\u00bb i_icon_fontawesome=\u00a0\u00bbfab fa-whatsapp\u00a0\u00bb add_icon=\u00a0\u00bbtrue\u00a0\u00bb link=\u00a0\u00bburl:https%3A%2F%2Fwa.me%2F12058486970%3Ftext%3DMISSION%2520START\u00a0\u00bb][vc_column_text]<\/p>\n<p style=\"text-align: center;\">ODER<\/p>\n<p>[\/vc_column_text][\/vc_column_inner][\/vc_row_inner][vc_row_inner][vc_column_inner][vc_btn title=\u00a0\u00bbMISSION STARTEN &#8211; TELEGRAM\u00a0\u00bb color=\u00a0\u00bbsky\u00a0\u00bb align=\u00a0\u00bbcenter\u00a0\u00bb i_icon_fontawesome=\u00a0\u00bbfab fa-telegram\u00a0\u00bb add_icon=\u00a0\u00bbtrue\u00a0\u00bb link=\u00a0\u00bburl:http%3A%2F%2Ft.me%2FBHOpsBot\u00a0\u00bb][\/vc_column_inner][\/vc_row_inner][\/vc_column][\/vc_row][vc_row][vc_column][vc_separator][\/vc_column][\/vc_row][vc_row][vc_column][vc_column_text]<\/p>\n<p style=\"text-align: center;\"><span style=\"font-size: 8pt;\">\u00a9 BH Operations 1995-2021\u00a0 www.bh-operations.com<\/span><\/p>\n<p>[\/vc_column_text][\/vc_column][\/vc_row]<\/p>\n","protected":false},"excerpt":{"rendered":"<p>[vc_row][vc_column width=\u00a0\u00bb1\/4&Prime;][vc_single_image image=\u00a0\u00bb501&Prime; img_size=\u00a0\u00bbmedium\u00a0\u00bb alignment=\u00a0\u00bbcenter\u00a0\u00bb onclick=\u00a0\u00bbcustom_link\u00a0\u00bb link=\u00a0\u00bbhttps:\/\/bh-operations.com\/\u00a0\u00bb][\/vc_column][vc_column width=\u00a0\u00bb1\/4&Prime;][\/vc_column][vc_column width=\u00a0\u00bb1\/4&Prime;][\/vc_column][vc_column width=\u00a0\u00bb1\/4&Prime;][vc_raw_html]JTVCbWF4bWVnYW1lbnUlMjBsb2NhdGlvbiUzRG1heF9tZWdhX21lbnVfMSU1RA==[\/vc_raw_html][\/vc_column][\/vc_row][vc_row][vc_column][vc_custom_heading text=\u00a0\u00bbSie sind dabei, Ihren Missionskoordinator zu kontaktieren und die Mission zu starten.\u00a0\u00bb font_container=\u00a0\u00bbtag:h1|font_size:22|text_align:center|color:%23000000&Prime; google_fonts=\u00a0\u00bbfont_family:ABeeZee%3Aregular%2Citalic|font_style:400%20regular%3A400%3Anormal\u00a0\u00bb][\/vc_column][\/vc_row][vc_row][vc_column][vc_custom_heading text=\u00a0\u00bbBitte stellen Sie sicher, dass Sie folgendes zur Hand haben: &#8211; Missionscode (wird mit dem Missionsetup-Dokument geliefert) &#8211; Installierte Whatsapp-App oder Telegram-App f\u00fcr ALLE (\u2757) Teammitglieder (wenn 4 oder weniger) ODER [&hellip;]<\/p>\n","protected":false},"author":1,"featured_media":0,"parent":0,"menu_order":0,"comment_status":"closed","ping_status":"closed","template":"template-page-builder-no-header-footer.php","meta":{"footnotes":""},"class_list":["post-430","page","type-page","status-publish","hentry"],"_links":{"self":[{"href":"https:\/\/bh-operations.com\/fr\/wp-json\/wp\/v2\/pages\/430","targetHints":{"allow":["GET"]}}],"collection":[{"href":"https:\/\/bh-operations.com\/fr\/wp-json\/wp\/v2\/pages"}],"about":[{"href":"https:\/\/bh-operations.com\/fr\/wp-json\/wp\/v2\/types\/page"}],"author":[{"embeddable":true,"href":"https:\/\/bh-operations.com\/fr\/wp-json\/wp\/v2\/users\/1"}],"replies":[{"embeddable":true,"href":"https:\/\/bh-operations.com\/fr\/wp-json\/wp\/v2\/comments?post=430"}],"version-history":[{"count":35,"href":"https:\/\/bh-operations.com\/fr\/wp-json\/wp\/v2\/pages\/430\/revisions"}],"predecessor-version":[{"id":756,"href":"https:\/\/bh-operations.com\/fr\/wp-json\/wp\/v2\/pages\/430\/revisions\/756"}],"wp:attachment":[{"href":"https:\/\/bh-operations.com\/fr\/wp-json\/wp\/v2\/media?parent=430"}],"curies":[{"name":"wp","href":"https:\/\/api.w.org\/{rel}","templated":true}]}}