{"id":443,"date":"2022-01-14T13:45:01","date_gmt":"2022-01-14T13:45:01","guid":{"rendered":"https:\/\/bh-operations.com\/de\/?page_id=443"},"modified":"2026-01-03T16:18:20","modified_gmt":"2026-01-03T16:18:20","slug":"mission-page","status":"publish","type":"page","link":"https:\/\/bh-operations.com\/fr\/mission-page","title":{"rendered":"MISSION PAGE"},"content":{"rendered":"<p>[vc_row][vc_column width=\u00a0\u00bb1\/4&Prime;][vc_single_image image=\u00a0\u00bb501&Prime; img_size=\u00a0\u00bbmedium\u00a0\u00bb alignment=\u00a0\u00bbcenter\u00a0\u00bb onclick=\u00a0\u00bbcustom_link\u00a0\u00bb link=\u00a0\u00bbhttps:\/\/bh-operations.com\/fr\/\u00a0\u00bb][\/vc_column][vc_column width=\u00a0\u00bb1\/4&Prime;][\/vc_column][vc_column width=\u00a0\u00bb1\/4&Prime;][\/vc_column][vc_column width=\u00a0\u00bb1\/4&Prime;][vc_raw_html]JTVCbWF4bWVnYW1lbnUlMjBsb2NhdGlvbiUzRG1heF9tZWdhX21lbnVfMSU1RA==[\/vc_raw_html][\/vc_column][\/vc_row][vc_row][vc_column][vc_custom_heading text=\u00a0\u00bbUNE AGENCE DE RENSEIGNEMENT IND\u00c9PENDANTE<br \/>\nAU SERVICE DES SOCI\u00c9T\u00c9S MILITAIRES PRIV\u00c9ES\u00a0\u00bb font_container=\u00a0\u00bbtag:h1|font_size:22|text_align:center|color:%23000000&Prime; google_fonts=\u00a0\u00bbfont_family:ABeeZee%3Aregular%2Citalic|font_style:400%20regular%3A400%3Anormal\u00a0\u00bb][\/vc_column][\/vc_row][vc_row][vc_column][vc_custom_heading text=\u00a0\u00bbVous \u00eates sur le point de contacter votre coordinateur de mission et de commencer la mission.<br \/>\nAssurez-vous d&rsquo;avoir sous la main les \u00e9l\u00e9ments suivants :<br \/>\n&#8211; Code de mission (livr\u00e9 avec le document Logistique de votre mission)<br \/>\n&#8211; Application Whatsapp ou application Telegram install\u00e9e pour TOUS (\u2757) les membres de l&rsquo;\u00e9quipe (si vous \u00eates 4 ou moins) OU pour 4 (\u2757) membres de l&rsquo;\u00e9quipe (si vous \u00eates plus de 4)<br \/>\n&#8211; Un seul (\u2757) membre de l&rsquo;\u00e9quipe doit commencer la mission\u00a0\u00bb font_container=\u00a0\u00bbtag:h1|font_size:20|text_align:center|color:%23000000&Prime; google_fonts=\u00a0\u00bbfont_family:ABeeZee%3Aregular%2Citalic|font_style:400%20regular%3A400%3Anormal\u00a0\u00bb][\/vc_column][\/vc_row][vc_row][vc_column][vc_separator][\/vc_column][\/vc_row][vc_row][vc_column width=\u00a0\u00bb1\/4&Prime;][\/vc_column][vc_column width=\u00a0\u00bb1\/2&Prime;][vc_column_text]<\/p>\n<p style=\"text-align: center;\"><span style=\"color: #ff0000; font-size: 14pt;\">MENTION L\u00c9GALE<\/span><\/p>\n<p style=\"text-align: center;\"><span style=\"font-size: 14pt;\"><br \/>\n<span style=\"color: #808080;\">Notre agence n\u2019est ni responsable ni inform\u00e9e des activit\u00e9s men\u00e9es par l\u2019initiateur du projet utilisant les technologies d\u00e9velopp\u00e9es par notre soci\u00e9t\u00e9 ou les ressources mises \u00e0 sa disposition. Toute tentative d\u2019action juridique en responsabilit\u00e9 serait irrecevable en vertu de la loi 22-80976-AK.<\/span><br \/>\n<\/span><\/p>\n<p>[\/vc_column_text][\/vc_column][vc_column width=\u00a0\u00bb1\/4&Prime;][\/vc_column][\/vc_row][vc_row][vc_column][vc_row_inner][vc_column_inner][vc_btn title=\u00a0\u00bbD\u00e9but de mission \u2013 Telegram\u00a0\u00bb color=\u00a0\u00bbsky\u00a0\u00bb align=\u00a0\u00bbcenter\u00a0\u00bb i_icon_fontawesome=\u00a0\u00bbfab fa-telegram\u00a0\u00bb add_icon=\u00a0\u00bbtrue\u00a0\u00bb link=\u00a0\u00bburl:https%3A%2F%2Ft.me%2FBHOPSFRbot\u00a0\u00bb][vc_column_text]<\/p>\n<p style=\"text-align: center;\">OU<\/p>\n<p>[\/vc_column_text][\/vc_column_inner][\/vc_row_inner][\/vc_column][\/vc_row][vc_row][vc_column][vc_row_inner][vc_column_inner][vc_btn title=\u00a0\u00bbD\u00e9but de mission \u2013 Whatsapp\u00a0\u00bb color=\u00a0\u00bbgreen\u00a0\u00bb align=\u00a0\u00bbcenter\u00a0\u00bb i_icon_fontawesome=\u00a0\u00bbfab fa-whatsapp\u00a0\u00bb add_icon=\u00a0\u00bbtrue\u00a0\u00bb link=\u00a0\u00bburl:https%3A%2F%2Fwa.me%2F447537120482%3Ftext%3DMISSION%2520START\u00a0\u00bb][\/vc_column_inner][\/vc_row_inner][vc_separator][\/vc_column][\/vc_row][vc_row][vc_column][vc_column_text]<\/p>\n<p style=\"text-align: center;\"><span style=\"font-size: 8pt;\">\u00a9 BH Operations 1995-2021\u00a0 www.bh-operations.com<\/span><\/p>\n<p>[\/vc_column_text][\/vc_column][\/vc_row]<\/p>\n","protected":false},"excerpt":{"rendered":"<p>[vc_row][vc_column width=\u00a0\u00bb1\/4&Prime;][vc_single_image image=\u00a0\u00bb501&Prime; img_size=\u00a0\u00bbmedium\u00a0\u00bb alignment=\u00a0\u00bbcenter\u00a0\u00bb onclick=\u00a0\u00bbcustom_link\u00a0\u00bb link=\u00a0\u00bbhttps:\/\/bh-operations.com\/fr\/\u00a0\u00bb][\/vc_column][vc_column width=\u00a0\u00bb1\/4&Prime;][\/vc_column][vc_column width=\u00a0\u00bb1\/4&Prime;][\/vc_column][vc_column width=\u00a0\u00bb1\/4&Prime;][vc_raw_html]JTVCbWF4bWVnYW1lbnUlMjBsb2NhdGlvbiUzRG1heF9tZWdhX21lbnVfMSU1RA==[\/vc_raw_html][\/vc_column][\/vc_row][vc_row][vc_column][vc_custom_heading text=\u00a0\u00bbUNE AGENCE DE RENSEIGNEMENT IND\u00c9PENDANTE AU SERVICE DES SOCI\u00c9T\u00c9S MILITAIRES PRIV\u00c9ES\u00a0\u00bb font_container=\u00a0\u00bbtag:h1|font_size:22|text_align:center|color:%23000000&Prime; google_fonts=\u00a0\u00bbfont_family:ABeeZee%3Aregular%2Citalic|font_style:400%20regular%3A400%3Anormal\u00a0\u00bb][\/vc_column][\/vc_row][vc_row][vc_column][vc_custom_heading text=\u00a0\u00bbVous \u00eates sur le point de contacter votre coordinateur de mission et de commencer la mission. Assurez-vous d&rsquo;avoir sous la main les \u00e9l\u00e9ments suivants : &#8211; Code de mission (livr\u00e9 avec le [&hellip;]<\/p>\n","protected":false},"author":1,"featured_media":0,"parent":0,"menu_order":0,"comment_status":"closed","ping_status":"closed","template":"template-page-builder-no-header-footer.php","meta":{"footnotes":""},"class_list":["post-443","page","type-page","status-publish","hentry"],"_links":{"self":[{"href":"https:\/\/bh-operations.com\/fr\/wp-json\/wp\/v2\/pages\/443","targetHints":{"allow":["GET"]}}],"collection":[{"href":"https:\/\/bh-operations.com\/fr\/wp-json\/wp\/v2\/pages"}],"about":[{"href":"https:\/\/bh-operations.com\/fr\/wp-json\/wp\/v2\/types\/page"}],"author":[{"embeddable":true,"href":"https:\/\/bh-operations.com\/fr\/wp-json\/wp\/v2\/users\/1"}],"replies":[{"embeddable":true,"href":"https:\/\/bh-operations.com\/fr\/wp-json\/wp\/v2\/comments?post=443"}],"version-history":[{"count":78,"href":"https:\/\/bh-operations.com\/fr\/wp-json\/wp\/v2\/pages\/443\/revisions"}],"predecessor-version":[{"id":763,"href":"https:\/\/bh-operations.com\/fr\/wp-json\/wp\/v2\/pages\/443\/revisions\/763"}],"wp:attachment":[{"href":"https:\/\/bh-operations.com\/fr\/wp-json\/wp\/v2\/media?parent=443"}],"curies":[{"name":"wp","href":"https:\/\/api.w.org\/{rel}","templated":true}]}}