{"id":430,"date":"2022-01-14T04:43:46","date_gmt":"2022-01-14T04:43:46","guid":{"rendered":"https:\/\/bh-operations.com\/de\/?page_id=430"},"modified":"2024-06-27T10:07:00","modified_gmt":"2024-06-27T10:07:00","slug":"mission-start","status":"publish","type":"page","link":"https:\/\/bh-operations.com\/it\/mission-start","title":{"rendered":"MISSION START"},"content":{"rendered":"<p>[vc_row][vc_column width=&#8221;1\/4&#8243;][vc_single_image image=&#8221;357&#8243; img_size=&#8221;medium&#8221; alignment=&#8221;center&#8221; onclick=&#8221;custom_link&#8221; link=&#8221;https:\/\/bh-operations.com\/&#8221;][\/vc_column][vc_column width=&#8221;1\/4&#8243;][\/vc_column][vc_column width=&#8221;1\/4&#8243;][\/vc_column][vc_column width=&#8221;1\/4&#8243;][vc_raw_html]JTVCbWF4bWVnYW1lbnUlMjBsb2NhdGlvbiUzRG1heF9tZWdhX21lbnVfMSU1RA==[\/vc_raw_html][\/vc_column][\/vc_row][vc_row][vc_column][vc_custom_heading text=&#8221;Sie sind dabei, Ihren Missionskoordinator zu kontaktieren und die Mission zu starten.&#8221; font_container=&#8221;tag:h1|font_size:22|text_align:center|color:%23000000&#8243; google_fonts=&#8221;font_family:ABeeZee%3Aregular%2Citalic|font_style:400%20regular%3A400%3Anormal&#8221;][\/vc_column][\/vc_row][vc_row][vc_column][vc_custom_heading text=&#8221;Bitte stellen Sie sicher, dass Sie folgendes zur Hand haben:<\/p>\n<p>&#8211; Missionscode (wird mit dem Missionsetup-Dokument geliefert)<br \/>\n&#8211; Installierte Whatsapp-App oder Telegram-App f\u00fcr ALLE (\u2757) Teammitglieder (wenn 4 oder weniger) ODER f\u00fcr 4 (\u2757) Teammitglieder (wenn mehr als 4)<br \/>\n&#8211; Nur ein (\u2757) Teammitglied sollte die Mission starten&#8221; font_container=&#8221;tag:h1|font_size:22|text_align:center|color:%23000000&#8243; google_fonts=&#8221;font_family:ABeeZee%3Aregular%2Citalic|font_style:400%20regular%3A400%3Anormal&#8221;][\/vc_column][\/vc_row][vc_row][vc_column][vc_separator][\/vc_column][\/vc_row][vc_row][vc_column width=&#8221;1\/4&#8243;][\/vc_column][vc_column width=&#8221;1\/2&#8243;][vc_column_text]<\/p>\n<p style=\"text-align: center;\"><span style=\"color: #ff0000; font-size: 14pt;\">Rechtlicher Hinweis<\/span><\/p>\n<p style=\"text-align: center;\"><span style=\"font-size: 14pt;\"><br \/>\nUnsere Agentur ist weder verantwortlich f\u00fcr noch informiert \u00fcber die Aktivit\u00e4ten, die der Initiator des Projekts mit Hilfe des Materials, das wir besorgt haben, oder den technischen Hilfsmitteln, die wir entwickelt haben, unternimmt. Jeder Anspruch auf Verantwortung wird gem\u00e4\u00df Bundesgesetz 22-80976-AK zur\u00fcckgewiesen<br \/>\n<\/span><\/p>\n<p>[\/vc_column_text][\/vc_column][vc_column width=&#8221;1\/4&#8243;][\/vc_column][\/vc_row][vc_row][vc_column][vc_row_inner][vc_column_inner][vc_btn title=&#8221;MISSION STARTEN &#8211; TELEGRAM&#8221; color=&#8221;sky&#8221; align=&#8221;center&#8221; i_icon_fontawesome=&#8221;fab fa-telegram&#8221; add_icon=&#8221;true&#8221; link=&#8221;url:http%3A%2F%2Ft.me%2FBHOpsBot&#8221;][vc_column_text]<\/p>\n<p style=\"text-align: center;\">ODER<\/p>\n<p>[\/vc_column_text][\/vc_column_inner][\/vc_row_inner][\/vc_column][\/vc_row][vc_row][vc_column][vc_separator][\/vc_column][\/vc_row][vc_row][vc_column][vc_row_inner][vc_column_inner][vc_btn title=&#8221;MISSION STARTEN &#8211; WHATSAPP&#8221; color=&#8221;green&#8221; align=&#8221;center&#8221; i_icon_fontawesome=&#8221;fab fa-whatsapp&#8221; add_icon=&#8221;true&#8221; link=&#8221;url:https%3A%2F%2Fwa.me%2F12058486970%3Ftext%3DMISSION%2520START&#8221;][\/vc_column_inner][\/vc_row_inner][vc_column_text]<\/p>\n<p style=\"text-align: center;\"><span style=\"font-size: 8pt;\">\u00a9 BH Operations 1995-2021\u00a0 www.bh-operations.com<\/span><\/p>\n<p>[\/vc_column_text][\/vc_column][\/vc_row]<\/p>\n","protected":false},"excerpt":{"rendered":"<p>[vc_row][vc_column width=&#8221;1\/4&#8243;][vc_single_image image=&#8221;357&#8243; img_size=&#8221;medium&#8221; alignment=&#8221;center&#8221; onclick=&#8221;custom_link&#8221; link=&#8221;https:\/\/bh-operations.com\/&#8221;][\/vc_column][vc_column width=&#8221;1\/4&#8243;][\/vc_column][vc_column width=&#8221;1\/4&#8243;][\/vc_column][vc_column width=&#8221;1\/4&#8243;][vc_raw_html]JTVCbWF4bWVnYW1lbnUlMjBsb2NhdGlvbiUzRG1heF9tZWdhX21lbnVfMSU1RA==[\/vc_raw_html][\/vc_column][\/vc_row][vc_row][vc_column][vc_custom_heading text=&#8221;Sie sind dabei, Ihren Missionskoordinator zu kontaktieren und die Mission zu starten.&#8221; font_container=&#8221;tag:h1|font_size:22|text_align:center|color:%23000000&#8243; google_fonts=&#8221;font_family:ABeeZee%3Aregular%2Citalic|font_style:400%20regular%3A400%3Anormal&#8221;][\/vc_column][\/vc_row][vc_row][vc_column][vc_custom_heading text=&#8221;Bitte stellen Sie sicher, dass Sie folgendes zur Hand haben: &#8211; Missionscode (wird mit dem Missionsetup-Dokument geliefert) &#8211; Installierte Whatsapp-App oder Telegram-App f\u00fcr ALLE (\u2757) Teammitglieder (wenn 4 oder weniger) ODER [&hellip;]<\/p>\n","protected":false},"author":1,"featured_media":0,"parent":0,"menu_order":0,"comment_status":"closed","ping_status":"closed","template":"template-page-builder-no-header-footer.php","meta":{"footnotes":""},"class_list":["post-430","page","type-page","status-publish","hentry"],"_links":{"self":[{"href":"https:\/\/bh-operations.com\/it\/wp-json\/wp\/v2\/pages\/430","targetHints":{"allow":["GET"]}}],"collection":[{"href":"https:\/\/bh-operations.com\/it\/wp-json\/wp\/v2\/pages"}],"about":[{"href":"https:\/\/bh-operations.com\/it\/wp-json\/wp\/v2\/types\/page"}],"author":[{"embeddable":true,"href":"https:\/\/bh-operations.com\/it\/wp-json\/wp\/v2\/users\/1"}],"replies":[{"embeddable":true,"href":"https:\/\/bh-operations.com\/it\/wp-json\/wp\/v2\/comments?post=430"}],"version-history":[{"count":35,"href":"https:\/\/bh-operations.com\/it\/wp-json\/wp\/v2\/pages\/430\/revisions"}],"predecessor-version":[{"id":756,"href":"https:\/\/bh-operations.com\/it\/wp-json\/wp\/v2\/pages\/430\/revisions\/756"}],"wp:attachment":[{"href":"https:\/\/bh-operations.com\/it\/wp-json\/wp\/v2\/media?parent=430"}],"curies":[{"name":"wp","href":"https:\/\/api.w.org\/{rel}","templated":true}]}}