{"id":510,"date":"2022-06-24T05:57:12","date_gmt":"2022-06-24T05:57:12","guid":{"rendered":"https:\/\/bh-operations.com\/?page_id=510"},"modified":"2022-11-13T13:37:36","modified_gmt":"2022-11-13T13:37:36","slug":"bh-julia2097","status":"publish","type":"page","link":"https:\/\/bh-operations.com\/it\/bh-julia2097","title":{"rendered":"BH OPERATOR JULIA 2097"},"content":{"rendered":"<p>[vc_row][vc_column width=&#8221;1\/4&#8243;][vc_single_image image=&#8221;357&#8243; img_size=&#8221;medium&#8221; alignment=&#8221;center&#8221; onclick=&#8221;custom_link&#8221; link=&#8221;https:\/\/bh-operations.com\/&#8221;][\/vc_column][vc_column width=&#8221;1\/4&#8243;][\/vc_column][vc_column width=&#8221;1\/4&#8243;][\/vc_column][vc_column width=&#8221;1\/4&#8243;][vc_raw_html]JTVCbWF4bWVnYW1lbnUlMjBsb2NhdGlvbiUzRG1heF9tZWdhX21lbnVfMSU1RA==[\/vc_raw_html][\/vc_column][\/vc_row][vc_row][vc_column][vc_video link=&#8221;https:\/\/youtu.be\/oBmx_qUCKNE&#8221; align=&#8221;center&#8221;][\/vc_column][\/vc_row][vc_row][vc_column width=&#8221;1\/4&#8243;][\/vc_column][vc_column width=&#8221;1\/2&#8243;][vc_column_text]<\/p>\n<p style=\"text-align: center;\"><span style=\"color: #ff0000; font-size: 18pt;\">MENTION L\u00c9GALE<\/span><\/p>\n<p style=\"text-align: center;\"><span style=\"font-size: 14pt;\"><br \/>\nNotre agence n\u2019est ni responsable ni inform\u00e9e des activit\u00e9s men\u00e9es par l\u2019initiateur du projet utilisant les technologies d\u00e9velopp\u00e9es par notre soci\u00e9t\u00e9 ou les ressources mises \u00e0 sa disposition. Toute tentative d\u2019action juridique en responsabilit\u00e9 serait irrecevable en vertu de la loi 22-80976-AK.<\/span><\/p>\n<p>[\/vc_column_text][\/vc_column][vc_column width=&#8221;1\/4&#8243;][\/vc_column][\/vc_row][vc_row][vc_column][vc_separator][\/vc_column][\/vc_row][vc_row][vc_column][vc_column_text]<\/p>\n<p style=\"text-align: center;\"><span style=\"font-size: 8pt;\">\u00a9 BH Operations 1995-2021\u00a0 www.bh-operations.com<\/span><\/p>\n<p>[\/vc_column_text][\/vc_column][\/vc_row]<\/p>\n","protected":false},"excerpt":{"rendered":"<p>[vc_row][vc_column width=&#8221;1\/4&#8243;][vc_single_image image=&#8221;357&#8243; img_size=&#8221;medium&#8221; alignment=&#8221;center&#8221; onclick=&#8221;custom_link&#8221; link=&#8221;https:\/\/bh-operations.com\/&#8221;][\/vc_column][vc_column width=&#8221;1\/4&#8243;][\/vc_column][vc_column width=&#8221;1\/4&#8243;][\/vc_column][vc_column width=&#8221;1\/4&#8243;][vc_raw_html]JTVCbWF4bWVnYW1lbnUlMjBsb2NhdGlvbiUzRG1heF9tZWdhX21lbnVfMSU1RA==[\/vc_raw_html][\/vc_column][\/vc_row][vc_row][vc_column][vc_video link=&#8221;https:\/\/youtu.be\/oBmx_qUCKNE&#8221; align=&#8221;center&#8221;][\/vc_column][\/vc_row][vc_row][vc_column width=&#8221;1\/4&#8243;][\/vc_column][vc_column width=&#8221;1\/2&#8243;][vc_column_text] MENTION L\u00c9GALE Notre agence n\u2019est ni responsable ni inform\u00e9e des activit\u00e9s men\u00e9es par l\u2019initiateur du projet utilisant les technologies d\u00e9velopp\u00e9es par notre soci\u00e9t\u00e9 ou les ressources mises \u00e0 sa disposition. Toute tentative d\u2019action juridique en responsabilit\u00e9 serait irrecevable en vertu de [&hellip;]<\/p>\n","protected":false},"author":1,"featured_media":0,"parent":0,"menu_order":0,"comment_status":"closed","ping_status":"closed","template":"template-page-builder-no-header-footer.php","meta":{"footnotes":""},"class_list":["post-510","page","type-page","status-publish","hentry"],"_links":{"self":[{"href":"https:\/\/bh-operations.com\/it\/wp-json\/wp\/v2\/pages\/510","targetHints":{"allow":["GET"]}}],"collection":[{"href":"https:\/\/bh-operations.com\/it\/wp-json\/wp\/v2\/pages"}],"about":[{"href":"https:\/\/bh-operations.com\/it\/wp-json\/wp\/v2\/types\/page"}],"author":[{"embeddable":true,"href":"https:\/\/bh-operations.com\/it\/wp-json\/wp\/v2\/users\/1"}],"replies":[{"embeddable":true,"href":"https:\/\/bh-operations.com\/it\/wp-json\/wp\/v2\/comments?post=510"}],"version-history":[{"count":12,"href":"https:\/\/bh-operations.com\/it\/wp-json\/wp\/v2\/pages\/510\/revisions"}],"predecessor-version":[{"id":621,"href":"https:\/\/bh-operations.com\/it\/wp-json\/wp\/v2\/pages\/510\/revisions\/621"}],"wp:attachment":[{"href":"https:\/\/bh-operations.com\/it\/wp-json\/wp\/v2\/media?parent=510"}],"curies":[{"name":"wp","href":"https:\/\/api.w.org\/{rel}","templated":true}]}}